{"id":9,"date":"2012-06-01T09:38:03","date_gmt":"2012-06-01T14:38:03","guid":{"rendered":"http:\/\/blogs.vanguardia.com\/y-con-esa-lengua-comulgas\/?page_id=9"},"modified":"2012-06-04T18:41:33","modified_gmt":"2012-06-04T23:41:33","slug":"el-autor","status":"publish","type":"page","link":"https:\/\/blogs.vanguardia.com\/y-con-esa-lengua-comulgas\/el-autor","title":{"rendered":"El autor"},"content":{"rendered":"<p>Medio periodista, medio escritor frustrado, medio poeta, medio melanc\u00f3lico y medio chismoso. Mi mam\u00e1 dice que no soy de confiar, pero igual no me parece que uno deba prestarle atenci\u00f3n a la opini\u00f3n de una persona a la cual le sali\u00f3 un hijo como yo. Entonces ya cada uno que haga su juicio.<\/p>\n<p>Un beso,<\/p>\n<p>Ian Lopez.<\/p>\n<p>PD: Nunca debieron dejarme abrir un blog.<\/p>\n<p>&nbsp;<\/p>\n","protected":false},"excerpt":{"rendered":"<p>Medio periodista, medio escritor frustrado, medio poeta, medio melanc\u00f3lico y medio chismoso. Mi mam\u00e1 dice que no soy de confiar, pero igual no me parece que uno deba prestarle atenci\u00f3n a la opini\u00f3n de una persona a la cual le sali\u00f3 un hijo como yo. Entonces ya cada uno que haga su juicio. Un beso, &hellip; <\/p>\n<p><a class=\"more-link btn\" href=\"https:\/\/blogs.vanguardia.com\/y-con-esa-lengua-comulgas\/el-autor\">Seguir leyendo<\/a><\/p>\n","protected":false},"author":11,"featured_media":0,"parent":0,"menu_order":0,"comment_status":"open","ping_status":"open","template":"","meta":{"ngg_post_thumbnail":0,"jetpack_post_was_ever_published":false,"footnotes":""},"class_list":["post-9","page","type-page","status-publish","hentry","nodate","item-wrap"],"aioseo_notices":[],"jetpack_shortlink":"https:\/\/wp.me\/P2uKdP-9","jetpack_sharing_enabled":true,"_links":{"self":[{"href":"https:\/\/blogs.vanguardia.com\/y-con-esa-lengua-comulgas\/wp-json\/wp\/v2\/pages\/9","targetHints":{"allow":["GET"]}}],"collection":[{"href":"https:\/\/blogs.vanguardia.com\/y-con-esa-lengua-comulgas\/wp-json\/wp\/v2\/pages"}],"about":[{"href":"https:\/\/blogs.vanguardia.com\/y-con-esa-lengua-comulgas\/wp-json\/wp\/v2\/types\/page"}],"author":[{"embeddable":true,"href":"https:\/\/blogs.vanguardia.com\/y-con-esa-lengua-comulgas\/wp-json\/wp\/v2\/users\/11"}],"replies":[{"embeddable":true,"href":"https:\/\/blogs.vanguardia.com\/y-con-esa-lengua-comulgas\/wp-json\/wp\/v2\/comments?post=9"}],"version-history":[{"count":3,"href":"https:\/\/blogs.vanguardia.com\/y-con-esa-lengua-comulgas\/wp-json\/wp\/v2\/pages\/9\/revisions"}],"predecessor-version":[{"id":18,"href":"https:\/\/blogs.vanguardia.com\/y-con-esa-lengua-comulgas\/wp-json\/wp\/v2\/pages\/9\/revisions\/18"}],"wp:attachment":[{"href":"https:\/\/blogs.vanguardia.com\/y-con-esa-lengua-comulgas\/wp-json\/wp\/v2\/media?parent=9"}],"curies":[{"name":"wp","href":"https:\/\/api.w.org\/{rel}","templated":true}]}}