{"id":2,"date":"2020-09-24T20:16:44","date_gmt":"2020-09-24T20:16:44","guid":{"rendered":"http:\/\/blogs.vanguardia.com\/n3lsonsandoval\/?page_id=2"},"modified":"2020-09-25T20:55:36","modified_gmt":"2020-09-25T20:55:36","slug":"presentacion-blog","status":"publish","type":"page","link":"https:\/\/blogs.vanguardia.com\/n3lsonsandoval\/presentacion-blog\/","title":{"rendered":"Presentaci\u00f3n Blog N3LSONSANDOVAL"},"content":{"rendered":"\n<p>\u00a1Bienvenidos! Aqu\u00ed queremos de una forma amena y entretenida compartir y transmitir conocimientos en temas de habilidades gerenciales, estrategia, management, finanzas marketing, facility y sports management. Buscamos que estos conceptos se relacionen con situaciones reales del d\u00eda a d\u00eda que permitan la f\u00e1cil comprensi\u00f3n e interiorizaci\u00f3n para su posterior aplicaci\u00f3n y desarrollo competitivo en el campo empresarial, profesional y personal. @N3LSONSANDOVAL <\/p>\n\n\n\n<figure class=\"wp-block-image size-large\"><img loading=\"lazy\" decoding=\"async\" width=\"1024\" height=\"854\" src=\"http:\/\/blogs.vanguardia.com\/n3lsonsandoval\/files\/2020\/09\/Logo-3-de-N3LSONSANDOVAL-Official-para-Vanguardia-1024x854.png\" alt=\"\" class=\"wp-image-42\" srcset=\"https:\/\/blogs.vanguardia.com\/n3lsonsandoval\/files\/2020\/09\/Logo-3-de-N3LSONSANDOVAL-Official-para-Vanguardia-1024x854.png 1024w, https:\/\/blogs.vanguardia.com\/n3lsonsandoval\/files\/2020\/09\/Logo-3-de-N3LSONSANDOVAL-Official-para-Vanguardia-300x250.png 300w, https:\/\/blogs.vanguardia.com\/n3lsonsandoval\/files\/2020\/09\/Logo-3-de-N3LSONSANDOVAL-Official-para-Vanguardia-768x641.png 768w, https:\/\/blogs.vanguardia.com\/n3lsonsandoval\/files\/2020\/09\/Logo-3-de-N3LSONSANDOVAL-Official-para-Vanguardia-1536x1282.png 1536w, https:\/\/blogs.vanguardia.com\/n3lsonsandoval\/files\/2020\/09\/Logo-3-de-N3LSONSANDOVAL-Official-para-Vanguardia.png 1642w\" sizes=\"auto, (max-width: 1024px) 100vw, 1024px\" \/><\/figure>\n\n\n\n<p><\/p>\n","protected":false},"excerpt":{"rendered":"<p>\u00a1Bienvenidos! Aqu\u00ed queremos de una forma amena y entretenida compartir y transmitir conocimientos en temas de habilidades gerenciales, estrategia, management, finanzas marketing, facility y sports management. Buscamos que estos conceptos se relacionen con situaciones reales del d\u00eda a d\u00eda que permitan la f\u00e1cil comprensi\u00f3n e interiorizaci\u00f3n para su posterior aplicaci\u00f3n y desarrollo competitivo en el &hellip; <\/p>\n<p><a class=\"more-link btn\" href=\"https:\/\/blogs.vanguardia.com\/n3lsonsandoval\/presentacion-blog\/\">Seguir leyendo<\/a><\/p>\n","protected":false},"author":45,"featured_media":0,"parent":0,"menu_order":0,"comment_status":"closed","ping_status":"open","template":"","meta":{"ngg_post_thumbnail":0,"footnotes":""},"class_list":["post-2","page","type-page","status-publish","hentry","nodate","item-wrap"],"aioseo_notices":[],"_links":{"self":[{"href":"https:\/\/blogs.vanguardia.com\/n3lsonsandoval\/wp-json\/wp\/v2\/pages\/2","targetHints":{"allow":["GET"]}}],"collection":[{"href":"https:\/\/blogs.vanguardia.com\/n3lsonsandoval\/wp-json\/wp\/v2\/pages"}],"about":[{"href":"https:\/\/blogs.vanguardia.com\/n3lsonsandoval\/wp-json\/wp\/v2\/types\/page"}],"author":[{"embeddable":true,"href":"https:\/\/blogs.vanguardia.com\/n3lsonsandoval\/wp-json\/wp\/v2\/users\/45"}],"replies":[{"embeddable":true,"href":"https:\/\/blogs.vanguardia.com\/n3lsonsandoval\/wp-json\/wp\/v2\/comments?post=2"}],"version-history":[{"count":7,"href":"https:\/\/blogs.vanguardia.com\/n3lsonsandoval\/wp-json\/wp\/v2\/pages\/2\/revisions"}],"predecessor-version":[{"id":47,"href":"https:\/\/blogs.vanguardia.com\/n3lsonsandoval\/wp-json\/wp\/v2\/pages\/2\/revisions\/47"}],"wp:attachment":[{"href":"https:\/\/blogs.vanguardia.com\/n3lsonsandoval\/wp-json\/wp\/v2\/media?parent=2"}],"curies":[{"name":"wp","href":"https:\/\/api.w.org\/{rel}","templated":true}]}}