{"id":308,"date":"2015-03-08T11:26:00","date_gmt":"2015-03-08T16:26:00","guid":{"rendered":"http:\/\/blogs.vanguardia.com\/mariposas-al-atardecer\/?page_id=308"},"modified":"2015-04-14T17:15:50","modified_gmt":"2015-04-14T22:15:50","slug":"entrevista-con-sofia-rodriguez-garcia","status":"publish","type":"page","link":"https:\/\/blogs.vanguardia.com\/mariposas-al-atardecer\/entrevista-con-sofia-rodriguez-garcia\/","title":{"rendered":"Entrevista con Sof\u00eda Rodr\u00edguez Garc\u00eda"},"content":{"rendered":"<div id=\"attachment_309\" style=\"width: 300px\" class=\"wp-caption aligncenter\"><a href=\"http:\/\/blogs.vanguardia.com\/mariposas-al-atardecer\/files\/2015\/03\/10967075_10202401208790183_1535592836_n.jpg\"><img loading=\"lazy\" decoding=\"async\" aria-describedby=\"caption-attachment-309\" class=\"size-medium wp-image-309\" src=\"http:\/\/blogs.vanguardia.com\/mariposas-al-atardecer\/files\/2015\/03\/10967075_10202401208790183_1535592836_n-300x199.jpg\" alt=\"Registro Fotogr\u00e1fico: Luz M. Ram\u00edrez. Proceso po\u00e9tico &quot;un licor del meu&quot; Sof\u00eda R. (Fragmento)\" width=\"300\" height=\"199\" srcset=\"https:\/\/blogs.vanguardia.com\/mariposas-al-atardecer\/files\/2015\/03\/10967075_10202401208790183_1535592836_n-300x199.jpg 300w, https:\/\/blogs.vanguardia.com\/mariposas-al-atardecer\/files\/2015\/03\/10967075_10202401208790183_1535592836_n-900x596.jpg 900w, https:\/\/blogs.vanguardia.com\/mariposas-al-atardecer\/files\/2015\/03\/10967075_10202401208790183_1535592836_n.jpg 960w\" sizes=\"auto, (max-width: 300px) 100vw, 300px\" \/><\/a><p id=\"caption-attachment-309\" class=\"wp-caption-text\">Registro Fotogr\u00e1fico: Luz M. Ram\u00edrez. Proceso po\u00e9tico \u00abun licor del meu\u00bb Sof\u00eda R. (Fragmento)<\/p><\/div>\n<h3>Mariposas al Atardecer entrevist\u00f3 a la poeta Sof\u00eda Rodr\u00edguez Garc\u00eda, figura cl\u00e1sica y bohemia de la poes\u00eda santandereana que engancha inmediatamente y que dice lo que pasa por su cabeza, sin filtro. Sof\u00eda acept\u00f3 conversar con nosotras antes de emprender su viaje a Argentina para participar en IV Festival Internacional de Poes\u00eda de C\u00f3rdoba del 11 al 14 de marzo.<\/h3>\n<h3>Vea m\u00e1s sobre el IV Festival Internacional de Poes\u00eda de C\u00f3rdoba, Argentina:<\/h3>\n<p><a href=\"http:\/\/festivaldepoesiacba.com.ar\/programacion-2015-2\/\"><img loading=\"lazy\" decoding=\"async\" class=\" size-medium wp-image-310 aligncenter\" src=\"http:\/\/blogs.vanguardia.com\/mariposas-al-atardecer\/files\/2015\/03\/programacion_web_2015_72dpi-521x1024-153x300.jpg\" alt=\"programacion_web_2015_72dpi-521x1024\" width=\"153\" height=\"300\" srcset=\"https:\/\/blogs.vanguardia.com\/mariposas-al-atardecer\/files\/2015\/03\/programacion_web_2015_72dpi-521x1024-153x300.jpg 153w, https:\/\/blogs.vanguardia.com\/mariposas-al-atardecer\/files\/2015\/03\/programacion_web_2015_72dpi-521x1024-521x1024.jpg 521w, https:\/\/blogs.vanguardia.com\/mariposas-al-atardecer\/files\/2015\/03\/programacion_web_2015_72dpi-521x1024-900x1769.jpg 900w, https:\/\/blogs.vanguardia.com\/mariposas-al-atardecer\/files\/2015\/03\/programacion_web_2015_72dpi-521x1024.jpg 946w\" sizes=\"auto, (max-width: 153px) 100vw, 153px\" \/><\/a><\/p>\n<h3>Vea la biograf\u00eda de Sof\u00eda Rodr\u00edguez Garc\u00eda (pinche en la foto):<\/h3>\n<p><a href=\"http:\/\/www.artepoetica.net\/Sofia_Rodriguez_Garcia.htm\"><img loading=\"lazy\" decoding=\"async\" class=\" size-medium wp-image-311 aligncenter\" src=\"http:\/\/blogs.vanguardia.com\/mariposas-al-atardecer\/files\/2015\/03\/10956637_10202401208750182_1628978501_n-300x199.jpg\" alt=\"Sof\u00eda Rodr\u00edguez Garc\u00eda \" width=\"300\" height=\"199\" srcset=\"https:\/\/blogs.vanguardia.com\/mariposas-al-atardecer\/files\/2015\/03\/10956637_10202401208750182_1628978501_n-300x199.jpg 300w, https:\/\/blogs.vanguardia.com\/mariposas-al-atardecer\/files\/2015\/03\/10956637_10202401208750182_1628978501_n-900x598.jpg 900w, https:\/\/blogs.vanguardia.com\/mariposas-al-atardecer\/files\/2015\/03\/10956637_10202401208750182_1628978501_n.jpg 960w\" sizes=\"auto, (max-width: 300px) 100vw, 300px\" \/><\/a><\/p>\n<h3>Sof\u00eda nos cont\u00f3 acerca de los temas que aborda en su poes\u00eda, que incluyen el dolor, la muerte y que le permite revelarse y transformarse:<\/h3>\n<p><a href=\"https:\/\/www.youtube.com\/watch?v=h2T8l6oA8ew\"><img loading=\"lazy\" decoding=\"async\" class=\" size-medium wp-image-312 aligncenter\" src=\"http:\/\/blogs.vanguardia.com\/mariposas-al-atardecer\/files\/2015\/03\/sofia-rodriguez-los-temas-su-poesia-300x169.jpg\" alt=\"sofia rodriguez, los temas su poesia\" width=\"300\" height=\"169\" srcset=\"https:\/\/blogs.vanguardia.com\/mariposas-al-atardecer\/files\/2015\/03\/sofia-rodriguez-los-temas-su-poesia-300x169.jpg 300w, https:\/\/blogs.vanguardia.com\/mariposas-al-atardecer\/files\/2015\/03\/sofia-rodriguez-los-temas-su-poesia.jpg 320w\" sizes=\"auto, (max-width: 300px) 100vw, 300px\" \/><\/a><\/p>\n<h3>Tambi\u00e9n le preguntamos acerca de la mujer en la poes\u00eda:<\/h3>\n<p><a href=\"https:\/\/www.youtube.com\/watch?v=vtynbl24o8k\"><img loading=\"lazy\" decoding=\"async\" class=\" size-medium wp-image-313 aligncenter\" src=\"http:\/\/blogs.vanguardia.com\/mariposas-al-atardecer\/files\/2015\/03\/sofia-rodriguez-la-mujer-en-la-poes\u00eca-300x169.jpg\" alt=\"sofia rodriguez, la mujer en la poes\u00eca\" width=\"300\" height=\"169\" srcset=\"https:\/\/blogs.vanguardia.com\/mariposas-al-atardecer\/files\/2015\/03\/sofia-rodriguez-la-mujer-en-la-poes\u00eca-300x169.jpg 300w, https:\/\/blogs.vanguardia.com\/mariposas-al-atardecer\/files\/2015\/03\/sofia-rodriguez-la-mujer-en-la-poes\u00eca.jpg 320w\" sizes=\"auto, (max-width: 300px) 100vw, 300px\" \/><\/a><\/p>\n<h3>Sof\u00eda Rodr\u00edguez no ha estado ausente de los movimientos sociales y le preguntamos la relaci\u00f3n entre uno y otro:<\/h3>\n<p><a href=\"https:\/\/www.youtube.com\/watch?v=3oM9LTy0uLo\"><img loading=\"lazy\" decoding=\"async\" class=\" size-medium wp-image-314 aligncenter\" src=\"http:\/\/blogs.vanguardia.com\/mariposas-al-atardecer\/files\/2015\/03\/sofia-rodriguez-y-los-procesos-sociales-300x169.jpg\" alt=\"sofia rodriguez y los procesos sociales\" width=\"300\" height=\"169\" srcset=\"https:\/\/blogs.vanguardia.com\/mariposas-al-atardecer\/files\/2015\/03\/sofia-rodriguez-y-los-procesos-sociales-300x169.jpg 300w, https:\/\/blogs.vanguardia.com\/mariposas-al-atardecer\/files\/2015\/03\/sofia-rodriguez-y-los-procesos-sociales.jpg 320w\" sizes=\"auto, (max-width: 300px) 100vw, 300px\" \/><\/a><\/p>\n<h3>Y finalmente, le preguntamos a Sof\u00eda qu\u00e9 consejos podr\u00eda dar a las y los escritores n\u00f3veles y ella, en su modo particular, ofreci\u00f3 algunas luces:<\/h3>\n<p><a href=\"https:\/\/www.youtube.com\/watch?v=k-FI7TGpOvQ\"><img loading=\"lazy\" decoding=\"async\" class=\" size-medium wp-image-315 aligncenter\" src=\"http:\/\/blogs.vanguardia.com\/mariposas-al-atardecer\/files\/2015\/03\/sofia-rodriguez-consejos-para-escribir-300x169.jpg\" alt=\"sofia rodriguez, consejos para escribir\" width=\"300\" height=\"169\" srcset=\"https:\/\/blogs.vanguardia.com\/mariposas-al-atardecer\/files\/2015\/03\/sofia-rodriguez-consejos-para-escribir-300x169.jpg 300w, https:\/\/blogs.vanguardia.com\/mariposas-al-atardecer\/files\/2015\/03\/sofia-rodriguez-consejos-para-escribir.jpg 320w\" sizes=\"auto, (max-width: 300px) 100vw, 300px\" \/><\/a><\/p>\n<h3>Les dejamos con uno de sus textos:<\/h3>\n<p>&nbsp;<\/p>\n<h4><strong>DE BARCOS (SOF\u00cdA RODR\u00cdGUEZ GARC\u00cdA)<\/strong><\/h4>\n<h4>Una carga de hierro para las costillas<br \/>\nse parte en un devenir alzado<br \/>\nacompa\u00f1antes en la pereza hacen carteles<br \/>\ncon rabia y angustia que se enciende<\/h4>\n<p>La ola que cubre y no regresa<br \/>\nlos besos de guitarras<br \/>\nmecen pulcritudes del instante,<br \/>\npareciera necesario<br \/>\npara mis ojos cubiertos,<br \/>\nmi grito l\u00f3brego<\/p>\n<p>En el pecho, m\u00e1s all\u00e1, est\u00e1s t\u00fa<br \/>\ncorriendo como barco insultante<br \/>\nm\u00e1stil de agarradas de mo\u00f1o<\/p>\n<p>Sal frustrado de m\u00ed, molinete,<br \/>\nqu\u00e9date conmigo en mi piel<br \/>\navispa trituradora de dedos<br \/>\nni\u00f1a terrible ajada<br \/>\nen esa nieve de narices<\/p>\n<p>no puedo verte cubierta en bit\u00e1coras<br \/>\nni asistir a asados de domingo<br \/>\nimposibles en un port\u00e1til y un armaz\u00f3n verde,<br \/>\nojos de c\u00e9sped, astas de c\u00e9sped<\/p>\n<h3>Para ver m\u00e1s (Pinche en la foto):<\/h3>\n<div id=\"attachment_316\" style=\"width: 200px\" class=\"wp-caption aligncenter\"><a href=\"http:\/\/musasdeluna.blogspot.com\/2013\/02\/de-barcos-sofia-rodriguez-garcia.html\"><img loading=\"lazy\" decoding=\"async\" aria-describedby=\"caption-attachment-316\" class=\"wp-image-316 size-medium\" src=\"http:\/\/blogs.vanguardia.com\/mariposas-al-atardecer\/files\/2015\/03\/10965516_10202401235910861_865008073_n-200x300.jpg\" alt=\"10965516_10202401235910861_865008073_n\" width=\"200\" height=\"300\" srcset=\"https:\/\/blogs.vanguardia.com\/mariposas-al-atardecer\/files\/2015\/03\/10965516_10202401235910861_865008073_n-200x300.jpg 200w, https:\/\/blogs.vanguardia.com\/mariposas-al-atardecer\/files\/2015\/03\/10965516_10202401235910861_865008073_n.jpg 639w\" sizes=\"auto, (max-width: 200px) 100vw, 200px\" \/><\/a><p id=\"caption-attachment-316\" class=\"wp-caption-text\">Registro Fotogr\u00e1fico: Luz M. Ram\u00edrez. Proceso po\u00e9tico \u00abun licor del meu\u00bb Sof\u00eda R. (Fragmento)<\/p><\/div>\n<p>&nbsp;<\/p>\n","protected":false},"excerpt":{"rendered":"<p>Mariposas al Atardecer entrevist\u00f3 a la poeta Sof\u00eda Rodr\u00edguez Garc\u00eda, figura cl\u00e1sica y bohemia de la poes\u00eda santandereana que engancha inmediatamente y que dice lo que pasa por su cabeza, sin filtro. Sof\u00eda acept\u00f3 conversar con nosotras antes de emprender su viaje a Argentina para participar en IV Festival Internacional de Poes\u00eda de C\u00f3rdoba del &hellip; <\/p>\n<p><a class=\"more-link btn\" href=\"https:\/\/blogs.vanguardia.com\/mariposas-al-atardecer\/entrevista-con-sofia-rodriguez-garcia\/\">Seguir leyendo<\/a><\/p>\n","protected":false},"author":16,"featured_media":0,"parent":0,"menu_order":0,"comment_status":"open","ping_status":"open","template":"","meta":{"ngg_post_thumbnail":0,"footnotes":""},"class_list":["post-308","page","type-page","status-publish","hentry","nodate","item-wrap"],"aioseo_notices":[],"jetpack_sharing_enabled":true,"_links":{"self":[{"href":"https:\/\/blogs.vanguardia.com\/mariposas-al-atardecer\/wp-json\/wp\/v2\/pages\/308","targetHints":{"allow":["GET"]}}],"collection":[{"href":"https:\/\/blogs.vanguardia.com\/mariposas-al-atardecer\/wp-json\/wp\/v2\/pages"}],"about":[{"href":"https:\/\/blogs.vanguardia.com\/mariposas-al-atardecer\/wp-json\/wp\/v2\/types\/page"}],"author":[{"embeddable":true,"href":"https:\/\/blogs.vanguardia.com\/mariposas-al-atardecer\/wp-json\/wp\/v2\/users\/16"}],"replies":[{"embeddable":true,"href":"https:\/\/blogs.vanguardia.com\/mariposas-al-atardecer\/wp-json\/wp\/v2\/comments?post=308"}],"version-history":[{"count":8,"href":"https:\/\/blogs.vanguardia.com\/mariposas-al-atardecer\/wp-json\/wp\/v2\/pages\/308\/revisions"}],"predecessor-version":[{"id":356,"href":"https:\/\/blogs.vanguardia.com\/mariposas-al-atardecer\/wp-json\/wp\/v2\/pages\/308\/revisions\/356"}],"wp:attachment":[{"href":"https:\/\/blogs.vanguardia.com\/mariposas-al-atardecer\/wp-json\/wp\/v2\/media?parent=308"}],"curies":[{"name":"wp","href":"https:\/\/api.w.org\/{rel}","templated":true}]}}