{"id":190,"date":"2014-09-22T09:00:44","date_gmt":"2014-09-22T14:00:44","guid":{"rendered":"http:\/\/blogs.vanguardia.com\/mariposas-al-atardecer\/?page_id=190"},"modified":"2014-09-22T11:05:49","modified_gmt":"2014-09-22T16:05:49","slug":"paloma-bahamon-fuerte-como-aguafuerte","status":"publish","type":"page","link":"https:\/\/blogs.vanguardia.com\/mariposas-al-atardecer\/paloma-bahamon-fuerte-como-aguafuerte\/","title":{"rendered":"Paloma Baham\u00f3n, fuerte como Aguafuerte"},"content":{"rendered":"<div id=\"attachment_191\" style=\"width: 300px\" class=\"wp-caption alignnone\"><a href=\"http:\/\/blogs.vanguardia.com\/mariposas-al-atardecer\/files\/2014\/09\/web_paloma_bahamo_big_ce.jpg\"><img loading=\"lazy\" decoding=\"async\" aria-describedby=\"caption-attachment-191\" class=\"size-medium wp-image-191\" src=\"http:\/\/blogs.vanguardia.com\/mariposas-al-atardecer\/files\/2014\/09\/web_paloma_bahamo_big_ce-300x200.jpg\" alt=\"Paloma Baham\u00f3n presenta Aguafuerte \" width=\"300\" height=\"200\" srcset=\"https:\/\/blogs.vanguardia.com\/mariposas-al-atardecer\/files\/2014\/09\/web_paloma_bahamo_big_ce-300x200.jpg 300w, https:\/\/blogs.vanguardia.com\/mariposas-al-atardecer\/files\/2014\/09\/web_paloma_bahamo_big_ce.jpg 600w\" sizes=\"auto, (max-width: 300px) 100vw, 300px\" \/><\/a><p id=\"caption-attachment-191\" class=\"wp-caption-text\">Paloma Baham\u00f3n presenta Aguafuerte<\/p><\/div>\n<h3><\/h3>\n<h3>Aguafuerte es el poemario de la reconocida soci\u00f3loga y poeta Paloma Baham\u00f3n. Paloma naci\u00f3 en Bogot\u00e1, pero creci\u00f3 en los llanos (Meta, Villavicencio) y aunque habla r\u00e1pido, es precisa en sus respuestas.<\/h3>\n<h3>Su adopci\u00f3n santandereana se nota en los gestos que hace con las manos y el rostro, con los cuales da m\u00e1s \u00e9nfasis a sus palabras. Su humor negro, eso s\u00ed, otorga un poco de camarader\u00eda. No tiene temor de hablar sin rodeos sobre el patriarcado y sobre lo mucho que a\u00fan debe atravesar la mujer para establecerse en este mundo.<\/h3>\n<h3>Es una persona afectuosa y comprometida con su trabajo, desaf\u00eda la\u00a0pose intelectual con su forma de ser abierta.<\/h3>\n<h3>Aguafuerte es su primer libro de poes\u00eda. Sus temas abarcan todo lo concerniente al hecho de ser mujer y a su papel en el mundo. Fue publicado en mayo de este a\u00f1o y presentado originalmente en la Feria del Libro de Bogot\u00e1. En Agosto, tuvimos la oportunidad de escucharla en ULibro.<\/h3>\n<h3>As\u00ed que est\u00e1n preparadas y preparados para escuchar algunos de sus puntos de vista, entonces vamos a contarles algunas de sus percepciones que su trabajo ha tenido en quienes la leen, en si se adentrar\u00eda en la narrativa y en c\u00f3mo se siente con su trabajo.<\/h3>\n<h3>La explicaci\u00f3n la hizo en el marco de la Feria del Libro, ULibro, el mes pasado, y la acompa\u00f1a \u00c1ngel Nemesio Barba, un viejo amigo y conocer de su obra, docente de la Universidad Aut\u00f3noma de Bucaramanga.<\/h3>\n<h3>Vea el video:\u00a0<a href=\"https:\/\/www.youtube.com\/watch?v=224lUGTZS1w\">Paloma Baham\u00f3n presenta Aguafuerte<\/a><\/h3>\n<p><a href=\"https:\/\/www.youtube.com\/watch?v=224lUGTZS1w\"><img loading=\"lazy\" decoding=\"async\" class=\"alignnone wp-image-196 size-medium\" src=\"http:\/\/blogs.vanguardia.com\/mariposas-al-atardecer\/files\/2014\/09\/Paloma-Baham\u00f3n-presenta-su-poemario-Aguafuerte-en-la-ULibro-300x168.jpg\" alt=\"Paloma Baham\u00f3n presenta su poemario Aguafuerte en la ULibro\" width=\"300\" height=\"168\" srcset=\"https:\/\/blogs.vanguardia.com\/mariposas-al-atardecer\/files\/2014\/09\/Paloma-Baham\u00f3n-presenta-su-poemario-Aguafuerte-en-la-ULibro-300x168.jpg 300w, https:\/\/blogs.vanguardia.com\/mariposas-al-atardecer\/files\/2014\/09\/Paloma-Baham\u00f3n-presenta-su-poemario-Aguafuerte-en-la-ULibro.jpg 320w\" sizes=\"auto, (max-width: 300px) 100vw, 300px\" \/><\/a><\/p>\n<p>&nbsp;<\/p>\n<h3>Paloma nos concedi\u00f3 un tiempo en su agitada agenda para contarnos c\u00f3mo naci\u00f3 Aguafuerte.<\/h3>\n<h3>Vea el video:\u00a0<a href=\"https:\/\/www.youtube.com\/watch?v=QAsp3-vHWOw\">C\u00f3mo naci\u00f3 Aguafuerte<\/a><\/h3>\n<p><a href=\"https:\/\/www.youtube.com\/watch?v=QAsp3-vHWOw\"><img loading=\"lazy\" decoding=\"async\" class=\"alignnone size-medium wp-image-192\" src=\"http:\/\/blogs.vanguardia.com\/mariposas-al-atardecer\/files\/2014\/09\/como-nacio-aguafuerte-300x168.jpg\" alt=\"C\u00f3mo nacio aguafuerte\" width=\"300\" height=\"168\" srcset=\"https:\/\/blogs.vanguardia.com\/mariposas-al-atardecer\/files\/2014\/09\/como-nacio-aguafuerte-300x168.jpg 300w, https:\/\/blogs.vanguardia.com\/mariposas-al-atardecer\/files\/2014\/09\/como-nacio-aguafuerte.jpg 320w\" sizes=\"auto, (max-width: 300px) 100vw, 300px\" \/><\/a><\/p>\n<h3>Seguimos adentr\u00e1ndonos en el libro y le preguntamos \u00bfQu\u00e9 refleja su poes\u00eda?<\/h3>\n<h3>Vea el video:\u00a0<a href=\"https:\/\/www.youtube.com\/watch?v=PKcJd_aqgHg\">Qu\u00e9 refleja su poes\u00eda<\/a><\/h3>\n<p><a href=\"https:\/\/www.youtube.com\/watch?v=PKcJd_aqgHg\"><img loading=\"lazy\" decoding=\"async\" class=\"alignnone size-medium wp-image-193\" src=\"http:\/\/blogs.vanguardia.com\/mariposas-al-atardecer\/files\/2014\/09\/Qu\u00e9-refleja-su-poes\u00eda-300x168.jpg\" alt=\"Qu\u00e9 refleja su poes\u00eda\" width=\"300\" height=\"168\" srcset=\"https:\/\/blogs.vanguardia.com\/mariposas-al-atardecer\/files\/2014\/09\/Qu\u00e9-refleja-su-poes\u00eda-300x168.jpg 300w, https:\/\/blogs.vanguardia.com\/mariposas-al-atardecer\/files\/2014\/09\/Qu\u00e9-refleja-su-poes\u00eda.jpg 320w\" sizes=\"auto, (max-width: 300px) 100vw, 300px\" \/><\/a><\/p>\n<h3>Y ya que nos decantamos por estos temas, \u00bfcu\u00e1l ser\u00e1 el papel de las mujeres en la escritura?<\/h3>\n<h3>Vea el video:\u00a0<a href=\"https:\/\/www.youtube.com\/watch?v=KmLD1U_qsqE\">La escritura de las mujeres<\/a><\/h3>\n<p><a href=\"https:\/\/www.youtube.com\/watch?v=KmLD1U_qsqE\"><img loading=\"lazy\" decoding=\"async\" class=\"alignnone size-medium wp-image-194\" src=\"http:\/\/blogs.vanguardia.com\/mariposas-al-atardecer\/files\/2014\/09\/las-mujeres-en-la-escritura-300x168.jpg\" alt=\"La escritura de las mujeres \" width=\"300\" height=\"168\" srcset=\"https:\/\/blogs.vanguardia.com\/mariposas-al-atardecer\/files\/2014\/09\/las-mujeres-en-la-escritura-300x168.jpg 300w, https:\/\/blogs.vanguardia.com\/mariposas-al-atardecer\/files\/2014\/09\/las-mujeres-en-la-escritura.jpg 320w\" sizes=\"auto, (max-width: 300px) 100vw, 300px\" \/><\/a><\/p>\n<h3>Paloma es fuente recurrente de nuestra casa editorial, Vanguardia Liberal, en temas que tienen que ver con el feminismo, as\u00ed que no pod\u00edamos dejar de hacerle la controvertida pregunta. \u00bfSe puede hablar de feminismo en Santander? \u00bfSe considera feminista? Los blasfemos y blasfemas quedan advertidos de que pueden huir ahora mismo.<\/h3>\n<h3>Vea el video:\u00a0<a href=\"https:\/\/www.youtube.com\/watch?v=fV3FMSVHno4\">Feminismo en Santander<\/a><\/h3>\n<p><a href=\"https:\/\/www.youtube.com\/watch?v=fV3FMSVHno4\"><img loading=\"lazy\" decoding=\"async\" class=\"alignnone size-medium wp-image-195\" src=\"http:\/\/blogs.vanguardia.com\/mariposas-al-atardecer\/files\/2014\/09\/feminismo-en-Santander-300x168.jpg\" alt=\"feminismo en Santander\" width=\"300\" height=\"168\" srcset=\"https:\/\/blogs.vanguardia.com\/mariposas-al-atardecer\/files\/2014\/09\/feminismo-en-Santander-300x168.jpg 300w, https:\/\/blogs.vanguardia.com\/mariposas-al-atardecer\/files\/2014\/09\/feminismo-en-Santander.jpg 320w\" sizes=\"auto, (max-width: 300px) 100vw, 300px\" \/><\/a><\/p>\n<h3>Para finalizar, les dejamos un poema que ley\u00f3 ella misma en ULibro. Buenos recuerdos.<\/h3>\n<h3>Vea el video:\u00a0<a href=\"https:\/\/www.youtube.com\/watch?v=q1wXaq0Vb9A\">Paloma Baham\u00f3n, Derrota<\/a><\/h3>\n<p><a href=\"https:\/\/www.youtube.com\/watch?v=q1wXaq0Vb9A\"><img loading=\"lazy\" decoding=\"async\" class=\"alignnone size-medium wp-image-200\" src=\"http:\/\/blogs.vanguardia.com\/mariposas-al-atardecer\/files\/2014\/09\/Paloma-Baham\u00f3n-Derrota-300x168.jpg\" alt=\"Paloma Baham\u00f3n, Derrota\" width=\"300\" height=\"168\" srcset=\"https:\/\/blogs.vanguardia.com\/mariposas-al-atardecer\/files\/2014\/09\/Paloma-Baham\u00f3n-Derrota-300x168.jpg 300w, https:\/\/blogs.vanguardia.com\/mariposas-al-atardecer\/files\/2014\/09\/Paloma-Baham\u00f3n-Derrota.jpg 320w\" sizes=\"auto, (max-width: 300px) 100vw, 300px\" \/><\/a><\/p>\n<p>&nbsp;<\/p>\n","protected":false},"excerpt":{"rendered":"<p>Aguafuerte es el poemario de la reconocida soci\u00f3loga y poeta Paloma Baham\u00f3n. Paloma naci\u00f3 en Bogot\u00e1, pero creci\u00f3 en los llanos (Meta, Villavicencio) y aunque habla r\u00e1pido, es precisa en sus respuestas. Su adopci\u00f3n santandereana se nota en los gestos que hace con las manos y el rostro, con los cuales da m\u00e1s \u00e9nfasis a &hellip; <\/p>\n<p><a class=\"more-link btn\" href=\"https:\/\/blogs.vanguardia.com\/mariposas-al-atardecer\/paloma-bahamon-fuerte-como-aguafuerte\/\">Seguir leyendo<\/a><\/p>\n","protected":false},"author":16,"featured_media":0,"parent":0,"menu_order":0,"comment_status":"open","ping_status":"open","template":"","meta":{"ngg_post_thumbnail":0,"footnotes":""},"class_list":["post-190","page","type-page","status-publish","hentry","nodate","item-wrap"],"aioseo_notices":[],"jetpack_sharing_enabled":true,"_links":{"self":[{"href":"https:\/\/blogs.vanguardia.com\/mariposas-al-atardecer\/wp-json\/wp\/v2\/pages\/190","targetHints":{"allow":["GET"]}}],"collection":[{"href":"https:\/\/blogs.vanguardia.com\/mariposas-al-atardecer\/wp-json\/wp\/v2\/pages"}],"about":[{"href":"https:\/\/blogs.vanguardia.com\/mariposas-al-atardecer\/wp-json\/wp\/v2\/types\/page"}],"author":[{"embeddable":true,"href":"https:\/\/blogs.vanguardia.com\/mariposas-al-atardecer\/wp-json\/wp\/v2\/users\/16"}],"replies":[{"embeddable":true,"href":"https:\/\/blogs.vanguardia.com\/mariposas-al-atardecer\/wp-json\/wp\/v2\/comments?post=190"}],"version-history":[{"count":8,"href":"https:\/\/blogs.vanguardia.com\/mariposas-al-atardecer\/wp-json\/wp\/v2\/pages\/190\/revisions"}],"predecessor-version":[{"id":211,"href":"https:\/\/blogs.vanguardia.com\/mariposas-al-atardecer\/wp-json\/wp\/v2\/pages\/190\/revisions\/211"}],"wp:attachment":[{"href":"https:\/\/blogs.vanguardia.com\/mariposas-al-atardecer\/wp-json\/wp\/v2\/media?parent=190"}],"curies":[{"name":"wp","href":"https:\/\/api.w.org\/{rel}","templated":true}]}}